{"id":30,"date":"2021-08-18T12:45:32","date_gmt":"2021-08-18T10:45:32","guid":{"rendered":"https:\/\/myonlinefair.org\/?page_id=30"},"modified":"2024-07-23T09:46:25","modified_gmt":"2024-07-23T07:46:25","slug":"buyer","status":"publish","type":"page","link":"https:\/\/myonlinefair.org\/es\/buyer\/","title":{"rendered":"Soy comprador"},"content":{"rendered":"\n<div class=\"wp-block-columns is-layout-flex wp-container-core-columns-is-layout-9d6595d7 wp-block-columns-is-layout-flex\">\n<div class=\"wp-block-column is-layout-flow wp-block-column-is-layout-flow\" style=\"flex-basis:66.66%\">\n<h1 class=\"wp-block-heading has-text-align-center\">Reserve su plaza<\/h1>\n\n\n\n<p class=\"has-text-align-center\"><\/p>\n\n\n\n<div class=\"wpcf7 no-js\" id=\"wpcf7-f581-o1\" lang=\"es-ES\" dir=\"ltr\" data-wpcf7-id=\"581\">\n<div class=\"screen-reader-response\"><p role=\"status\" aria-live=\"polite\" aria-atomic=\"true\"><\/p> <ul><\/ul><\/div>\n<form action=\"\/es\/wp-json\/wp\/v2\/pages\/30#wpcf7-f581-o1\" method=\"post\" class=\"wpcf7-form init\" aria-label=\"Formulario de contacto\" novalidate=\"novalidate\" data-status=\"init\">\n<fieldset class=\"hidden-fields-container\"><input type=\"hidden\" name=\"_wpcf7\" value=\"581\" \/><input type=\"hidden\" name=\"_wpcf7_version\" value=\"6.1.3\" \/><input type=\"hidden\" name=\"_wpcf7_locale\" value=\"es_ES\" \/><input type=\"hidden\" name=\"_wpcf7_unit_tag\" value=\"wpcf7-f581-o1\" \/><input type=\"hidden\" name=\"_wpcf7_container_post\" value=\"0\" \/><input type=\"hidden\" name=\"_wpcf7_posted_data_hash\" value=\"\" \/><input type=\"hidden\" name=\"_wpcf7_recaptcha_response\" value=\"\" \/>\n<\/fieldset>\n<p><span class=\"wpcf7-form-control-wrap\" data-name=\"nombreempresa\"><input size=\"40\" maxlength=\"400\" class=\"wpcf7-form-control wpcf7-text wpcf7-validates-as-required largo\" aria-required=\"true\" aria-invalid=\"false\" placeholder=\"Nombre de la Empresa*\" value=\"\" type=\"text\" name=\"nombreempresa\" \/><\/span><span class=\"wpcf7-form-control-wrap\" data-name=\"nombre\"><input size=\"40\" maxlength=\"400\" class=\"wpcf7-form-control wpcf7-text wpcf7-validates-as-required largo\" aria-required=\"true\" aria-invalid=\"false\" placeholder=\"Name*\" value=\"\" type=\"text\" name=\"nombre\" \/><\/span><span class=\"wpcf7-form-control-wrap\" data-name=\"cargo\"><input size=\"40\" maxlength=\"400\" class=\"wpcf7-form-control wpcf7-text wpcf7-validates-as-required largo\" aria-required=\"true\" aria-invalid=\"false\" placeholder=\"Puesto*\" value=\"\" type=\"text\" name=\"cargo\" \/><\/span>\n<\/p>\n<div class=\"fila2\">\n\t<p><span class=\"wpcf7-form-control-wrap\" data-name=\"pais\"><input size=\"40\" maxlength=\"400\" class=\"wpcf7-form-control wpcf7-text wpcf7-validates-as-required corto\" aria-required=\"true\" aria-invalid=\"false\" placeholder=\"Pa\u00eds*\" value=\"\" type=\"text\" name=\"pais\" \/><\/span><span class=\"wpcf7-form-control-wrap\" data-name=\"provincia\"><input size=\"40\" maxlength=\"400\" class=\"wpcf7-form-control wpcf7-text wpcf7-validates-as-required corto\" aria-required=\"true\" aria-invalid=\"false\" placeholder=\"Provincia*\" value=\"\" type=\"text\" name=\"provincia\" \/><\/span>\n\t<\/p>\n<\/div>\n<div class=\"fila2 nom\">\n\t<p><span class=\"wpcf7-form-control-wrap\" data-name=\"email\"><input size=\"40\" maxlength=\"400\" class=\"wpcf7-form-control wpcf7-email wpcf7-validates-as-required wpcf7-text wpcf7-validates-as-email corto\" aria-required=\"true\" aria-invalid=\"false\" placeholder=\"Correo electr\u00f3nico*\" value=\"\" type=\"email\" name=\"email\" \/><\/span><span class=\"wpcf7-form-control-wrap\" data-name=\"telefono\"><input size=\"40\" maxlength=\"400\" class=\"wpcf7-form-control wpcf7-text wpcf7-validates-as-required corto\" aria-required=\"true\" aria-invalid=\"false\" placeholder=\"Tel\u00e9fono*\" value=\"\" type=\"text\" name=\"telefono\" \/><\/span>\n\t<\/p>\n<\/div>\n<h4>Sector del mercado\n<\/h4>\n<p><span class=\"wpcf7-form-control-wrap\" data-name=\"market\"><span class=\"wpcf7-form-control wpcf7-checkbox wpcf7-validates-as-required\"><span class=\"wpcf7-list-item first\"><label><input type=\"checkbox\" name=\"market[]\" value=\"Bodega\" \/><span class=\"wpcf7-list-item-label\">Bodega<\/span><\/label><\/span><span class=\"wpcf7-list-item\"><label><input type=\"checkbox\" name=\"market[]\" value=\"Cadena de Supermercados\" \/><span class=\"wpcf7-list-item-label\">Cadena de Supermercados<\/span><\/label><\/span><span class=\"wpcf7-list-item\"><label><input type=\"checkbox\" name=\"market[]\" value=\"Restaurantes\" \/><span class=\"wpcf7-list-item-label\">Restaurantes<\/span><\/label><\/span><span class=\"wpcf7-list-item\"><label><input type=\"checkbox\" name=\"market[]\" value=\"Importador Nacional\" \/><span class=\"wpcf7-list-item-label\">Importador Nacional<\/span><\/label><\/span><span class=\"wpcf7-list-item\"><label><input type=\"checkbox\" name=\"market[]\" value=\"Vinoteca\" \/><span class=\"wpcf7-list-item-label\">Vinoteca<\/span><\/label><\/span><span class=\"wpcf7-list-item\"><label><input type=\"checkbox\" name=\"market[]\" value=\"Amante del vino\" \/><span class=\"wpcf7-list-item-label\">Amante del vino<\/span><\/label><\/span><span class=\"wpcf7-list-item\"><label><input type=\"checkbox\" name=\"market[]\" value=\"Importador Regional\" \/><span class=\"wpcf7-list-item-label\">Importador Regional<\/span><\/label><\/span><span class=\"wpcf7-list-item\"><label><input type=\"checkbox\" name=\"market[]\" value=\"Tienda Online\" \/><span class=\"wpcf7-list-item-label\">Tienda Online<\/span><\/label><\/span><span class=\"wpcf7-list-item last\"><label><input type=\"checkbox\" name=\"market[]\" value=\"Prensa\" \/><span class=\"wpcf7-list-item-label\">Prensa<\/span><\/label><\/span><\/span><\/span>\n<\/p>\n<h4>\u00bfPuede importar directamente?\n<\/h4>\n<p><span class=\"wpcf7-form-control-wrap\" data-name=\"radio-995\"><span class=\"wpcf7-form-control wpcf7-radio\"><span class=\"wpcf7-list-item first\"><label><input type=\"radio\" name=\"radio-995\" value=\"Si\" checked=\"checked\" \/><span class=\"wpcf7-list-item-label\">Si<\/span><\/label><\/span><span class=\"wpcf7-list-item last\"><label><input type=\"radio\" name=\"radio-995\" value=\"No\" \/><span class=\"wpcf7-list-item-label\">No<\/span><\/label><\/span><\/span><\/span>\n<\/p>\n<h4>Estoy interesado en ferias de:\n<\/h4>\n<p><span class=\"wpcf7-form-control-wrap\" data-name=\"tipodeferia\"><span class=\"wpcf7-form-control wpcf7-checkbox wpcf7-validates-as-required\"><span class=\"wpcf7-list-item first\"><label><input type=\"checkbox\" name=\"tipodeferia[]\" value=\"Alimentaci\u00f3n\" \/><span class=\"wpcf7-list-item-label\">Alimentaci\u00f3n<\/span><\/label><\/span><span class=\"wpcf7-list-item\"><label><input type=\"checkbox\" name=\"tipodeferia[]\" value=\"Vino\" \/><span class=\"wpcf7-list-item-label\">Vino<\/span><\/label><\/span><span class=\"wpcf7-list-item last\"><label><input type=\"checkbox\" name=\"tipodeferia[]\" value=\"Ambas\" \/><span class=\"wpcf7-list-item-label\">Ambas<\/span><\/label><\/span><\/span><\/span>\n<\/p>\n<h4>Estoy intereado en:\n<\/h4>\n<p><span class=\"wpcf7-form-control-wrap\" data-name=\"tipodeferia\"><span class=\"wpcf7-form-control wpcf7-checkbox wpcf7-validates-as-required\"><span class=\"wpcf7-list-item first\"><label><input type=\"checkbox\" name=\"tipodeferia[]\" value=\"Ferias Online\" \/><span class=\"wpcf7-list-item-label\">Ferias Online<\/span><\/label><\/span><span class=\"wpcf7-list-item\"><label><input type=\"checkbox\" name=\"tipodeferia[]\" value=\"Feria presencial de vino\" \/><span class=\"wpcf7-list-item-label\">Feria presencial de vino<\/span><\/label><\/span><span class=\"wpcf7-list-item last\"><label><input type=\"checkbox\" name=\"tipodeferia[]\" value=\"Viajes pagados de descubrimiento de bodegas en Espa\u00f1a\" \/><span class=\"wpcf7-list-item-label\">Viajes pagados de descubrimiento de bodegas en Espa\u00f1a<\/span><\/label><\/span><\/span><\/span>\n<\/p>\n<p><input class=\"wpcf7-form-control wpcf7-submit has-spinner\" type=\"submit\" value=\"Enviar\" \/>\n<\/p><div class=\"wpcf7-response-output\" aria-hidden=\"true\"><\/div>\n<\/form>\n<\/div>\n\n<\/div>\n\n\n\n<div class=\"wp-block-column blancosombra is-layout-flow wp-block-column-is-layout-flow\" style=\"flex-basis:33.33%\">\n<p class=\"has-text-align-center\"><\/p>\n\n\n\n<p class=\"has-text-align-center\">Feria  100% online<\/p>\n\n\n\n<p class=\"has-text-align-center\">Selecci\u00f3n de los mejores productores del mundo con ganas de invertir en su mercado<\/p>\n\n\n\n<p class=\"has-text-align-center\"><meta charset=\"utf-8\">Reuniones de cata en l\u00ednea a trav\u00e9s de nuestra plataforma de eventos en l\u00ednea<\/p>\n\n\n\n<p class=\"has-text-align-center\">Le entregaremos las muestras directamente en su casa<\/p>\n\n\n\n<figure class=\"wp-block-image size-large\"><img decoding=\"async\" width=\"1024\" height=\"746\" data-src=\"https:\/\/myonlinefair.org\/wp-content\/uploads\/2021\/08\/MOF_TROCEADO-04-1024x746.png\" alt=\"\" class=\"wp-image-32 lazyload\" data-srcset=\"https:\/\/myonlinefair.org\/wp-content\/uploads\/2021\/08\/MOF_TROCEADO-04-1024x746.png 1024w, https:\/\/myonlinefair.org\/wp-content\/uploads\/2021\/08\/MOF_TROCEADO-04-300x219.png 300w, https:\/\/myonlinefair.org\/wp-content\/uploads\/2021\/08\/MOF_TROCEADO-04-768x560.png 768w, https:\/\/myonlinefair.org\/wp-content\/uploads\/2021\/08\/MOF_TROCEADO-04.png 1391w\" data-sizes=\"(max-width: 1024px) 100vw, 1024px\" src=\"data:image\/svg+xml;base64,PHN2ZyB3aWR0aD0iMSIgaGVpZ2h0PSIxIiB4bWxucz0iaHR0cDovL3d3dy53My5vcmcvMjAwMC9zdmciPjwvc3ZnPg==\" style=\"--smush-placeholder-width: 1024px; --smush-placeholder-aspect-ratio: 1024\/746;\" \/><\/figure>\n\n\n\n<pre class=\"wp-block-verse has-text-align-right\">Rellene los datos y le contactaremos <\/pre>\n<\/div>\n<\/div>\n","protected":false},"excerpt":{"rendered":"<p>Reserve su plaza Feria 100% online Selecci\u00f3n de los mejores productores del mundo con ganas de invertir en su mercado Reuniones de cata en l\u00ednea a trav\u00e9s de nuestra plataforma de eventos en l\u00ednea Le entregaremos las muestras directamente en su casa Rellene los datos y le contactaremos<\/p>\n","protected":false},"author":1,"featured_media":0,"parent":0,"menu_order":9,"comment_status":"closed","ping_status":"closed","template":"page-buyer.php","meta":{"_acf_changed":false,"footnotes":""},"class_list":["post-30","page","type-page","status-publish","hentry"],"acf":[],"yoast_head":"<!-- This site is optimized with the Yoast SEO plugin v26.3 - https:\/\/yoast.com\/wordpress\/plugins\/seo\/ -->\n<title>Soy comprador - My Online Fair<\/title>\n<meta name=\"robots\" content=\"index, follow, max-snippet:-1, max-image-preview:large, max-video-preview:-1\" \/>\n<link rel=\"canonical\" href=\"https:\/\/myonlinefair.org\/es\/buyer\/\" \/>\n<meta property=\"og:locale\" content=\"es_ES\" \/>\n<meta property=\"og:type\" content=\"article\" \/>\n<meta property=\"og:title\" content=\"Soy comprador - My Online Fair\" \/>\n<meta property=\"og:description\" content=\"Reserve su plaza Feria 100% online Selecci\u00f3n de los mejores productores del mundo con ganas de invertir en su mercado Reuniones de cata en l\u00ednea a trav\u00e9s de nuestra plataforma de eventos en l\u00ednea Le entregaremos las muestras directamente en su casa Rellene los datos y le contactaremos\" \/>\n<meta property=\"og:url\" content=\"https:\/\/myonlinefair.org\/es\/buyer\/\" \/>\n<meta property=\"og:site_name\" content=\"My Online Fair\" \/>\n<meta property=\"article:modified_time\" content=\"2024-07-23T07:46:25+00:00\" \/>\n<meta property=\"og:image\" content=\"https:\/\/myonlinefair.org\/wp-content\/uploads\/2021\/08\/MOF_TROCEADO-04-1024x746.png\" \/>\n<meta name=\"twitter:card\" content=\"summary_large_image\" \/>\n<meta name=\"twitter:label1\" content=\"Tiempo de lectura\" \/>\n\t<meta name=\"twitter:data1\" content=\"1 minuto\" \/>\n<script type=\"application\/ld+json\" class=\"yoast-schema-graph\">{\"@context\":\"https:\/\/schema.org\",\"@graph\":[{\"@type\":\"WebPage\",\"@id\":\"https:\/\/myonlinefair.org\/es\/buyer\/\",\"url\":\"https:\/\/myonlinefair.org\/es\/buyer\/\",\"name\":\"Soy comprador - My Online Fair\",\"isPartOf\":{\"@id\":\"https:\/\/myonlinefair.org\/es\/#website\"},\"primaryImageOfPage\":{\"@id\":\"https:\/\/myonlinefair.org\/es\/buyer\/#primaryimage\"},\"image\":{\"@id\":\"https:\/\/myonlinefair.org\/es\/buyer\/#primaryimage\"},\"thumbnailUrl\":\"https:\/\/myonlinefair.org\/wp-content\/uploads\/2021\/08\/MOF_TROCEADO-04-1024x746.png\",\"datePublished\":\"2021-08-18T10:45:32+00:00\",\"dateModified\":\"2024-07-23T07:46:25+00:00\",\"breadcrumb\":{\"@id\":\"https:\/\/myonlinefair.org\/es\/buyer\/#breadcrumb\"},\"inLanguage\":\"es\",\"potentialAction\":[{\"@type\":\"ReadAction\",\"target\":[\"https:\/\/myonlinefair.org\/es\/buyer\/\"]}]},{\"@type\":\"ImageObject\",\"inLanguage\":\"es\",\"@id\":\"https:\/\/myonlinefair.org\/es\/buyer\/#primaryimage\",\"url\":\"https:\/\/myonlinefair.org\/wp-content\/uploads\/2021\/08\/MOF_TROCEADO-04-1024x746.png\",\"contentUrl\":\"https:\/\/myonlinefair.org\/wp-content\/uploads\/2021\/08\/MOF_TROCEADO-04-1024x746.png\"},{\"@type\":\"BreadcrumbList\",\"@id\":\"https:\/\/myonlinefair.org\/es\/buyer\/#breadcrumb\",\"itemListElement\":[{\"@type\":\"ListItem\",\"position\":1,\"name\":\"Portada\",\"item\":\"https:\/\/myonlinefair.org\/es\/\"},{\"@type\":\"ListItem\",\"position\":2,\"name\":\"Soy comprador\"}]},{\"@type\":\"WebSite\",\"@id\":\"https:\/\/myonlinefair.org\/es\/#website\",\"url\":\"https:\/\/myonlinefair.org\/es\/\",\"name\":\"My Online Fair\",\"description\":\"\",\"potentialAction\":[{\"@type\":\"SearchAction\",\"target\":{\"@type\":\"EntryPoint\",\"urlTemplate\":\"https:\/\/myonlinefair.org\/es\/?s={search_term_string}\"},\"query-input\":{\"@type\":\"PropertyValueSpecification\",\"valueRequired\":true,\"valueName\":\"search_term_string\"}}],\"inLanguage\":\"es\"}]}<\/script>\n<!-- \/ Yoast SEO plugin. -->","yoast_head_json":{"title":"Soy comprador - My Online Fair","robots":{"index":"index","follow":"follow","max-snippet":"max-snippet:-1","max-image-preview":"max-image-preview:large","max-video-preview":"max-video-preview:-1"},"canonical":"https:\/\/myonlinefair.org\/es\/buyer\/","og_locale":"es_ES","og_type":"article","og_title":"Soy comprador - My Online Fair","og_description":"Reserve su plaza Feria 100% online Selecci\u00f3n de los mejores productores del mundo con ganas de invertir en su mercado Reuniones de cata en l\u00ednea a trav\u00e9s de nuestra plataforma de eventos en l\u00ednea Le entregaremos las muestras directamente en su casa Rellene los datos y le contactaremos","og_url":"https:\/\/myonlinefair.org\/es\/buyer\/","og_site_name":"My Online Fair","article_modified_time":"2024-07-23T07:46:25+00:00","og_image":[{"url":"https:\/\/myonlinefair.org\/wp-content\/uploads\/2021\/08\/MOF_TROCEADO-04-1024x746.png","type":"","width":"","height":""}],"twitter_card":"summary_large_image","twitter_misc":{"Tiempo de lectura":"1 minuto"},"schema":{"@context":"https:\/\/schema.org","@graph":[{"@type":"WebPage","@id":"https:\/\/myonlinefair.org\/es\/buyer\/","url":"https:\/\/myonlinefair.org\/es\/buyer\/","name":"Soy comprador - My Online Fair","isPartOf":{"@id":"https:\/\/myonlinefair.org\/es\/#website"},"primaryImageOfPage":{"@id":"https:\/\/myonlinefair.org\/es\/buyer\/#primaryimage"},"image":{"@id":"https:\/\/myonlinefair.org\/es\/buyer\/#primaryimage"},"thumbnailUrl":"https:\/\/myonlinefair.org\/wp-content\/uploads\/2021\/08\/MOF_TROCEADO-04-1024x746.png","datePublished":"2021-08-18T10:45:32+00:00","dateModified":"2024-07-23T07:46:25+00:00","breadcrumb":{"@id":"https:\/\/myonlinefair.org\/es\/buyer\/#breadcrumb"},"inLanguage":"es","potentialAction":[{"@type":"ReadAction","target":["https:\/\/myonlinefair.org\/es\/buyer\/"]}]},{"@type":"ImageObject","inLanguage":"es","@id":"https:\/\/myonlinefair.org\/es\/buyer\/#primaryimage","url":"https:\/\/myonlinefair.org\/wp-content\/uploads\/2021\/08\/MOF_TROCEADO-04-1024x746.png","contentUrl":"https:\/\/myonlinefair.org\/wp-content\/uploads\/2021\/08\/MOF_TROCEADO-04-1024x746.png"},{"@type":"BreadcrumbList","@id":"https:\/\/myonlinefair.org\/es\/buyer\/#breadcrumb","itemListElement":[{"@type":"ListItem","position":1,"name":"Portada","item":"https:\/\/myonlinefair.org\/es\/"},{"@type":"ListItem","position":2,"name":"Soy comprador"}]},{"@type":"WebSite","@id":"https:\/\/myonlinefair.org\/es\/#website","url":"https:\/\/myonlinefair.org\/es\/","name":"My Online Fair","description":"","potentialAction":[{"@type":"SearchAction","target":{"@type":"EntryPoint","urlTemplate":"https:\/\/myonlinefair.org\/es\/?s={search_term_string}"},"query-input":{"@type":"PropertyValueSpecification","valueRequired":true,"valueName":"search_term_string"}}],"inLanguage":"es"}]}},"_links":{"self":[{"href":"https:\/\/myonlinefair.org\/es\/wp-json\/wp\/v2\/pages\/30","targetHints":{"allow":["GET"]}}],"collection":[{"href":"https:\/\/myonlinefair.org\/es\/wp-json\/wp\/v2\/pages"}],"about":[{"href":"https:\/\/myonlinefair.org\/es\/wp-json\/wp\/v2\/types\/page"}],"author":[{"embeddable":true,"href":"https:\/\/myonlinefair.org\/es\/wp-json\/wp\/v2\/users\/1"}],"replies":[{"embeddable":true,"href":"https:\/\/myonlinefair.org\/es\/wp-json\/wp\/v2\/comments?post=30"}],"version-history":[{"count":19,"href":"https:\/\/myonlinefair.org\/es\/wp-json\/wp\/v2\/pages\/30\/revisions"}],"predecessor-version":[{"id":1414,"href":"https:\/\/myonlinefair.org\/es\/wp-json\/wp\/v2\/pages\/30\/revisions\/1414"}],"wp:attachment":[{"href":"https:\/\/myonlinefair.org\/es\/wp-json\/wp\/v2\/media?parent=30"}],"curies":[{"name":"wp","href":"https:\/\/api.w.org\/{rel}","templated":true}]}}