{"id":12,"date":"2021-08-18T12:23:10","date_gmt":"2021-08-18T10:23:10","guid":{"rendered":"https:\/\/myonlinefair.org\/?page_id=12"},"modified":"2022-12-14T10:18:39","modified_gmt":"2022-12-14T09:18:39","slug":"aviso-legal","status":"publish","type":"page","link":"https:\/\/myonlinefair.org\/es\/aviso-legal\/","title":{"rendered":"Aviso Legal"},"content":{"rendered":"\n<h2 class=\"wp-block-heading\">1.DATOS IDENTIFICATIVOS DEL TITULAR.<\/h2>\n\n\n\n<p>De conformidad con lo dispuesto en el art\u00edculo 10 de la Ley 34\/2002, de 11 de julio, de servicios de la sociedad de la informaci\u00f3n y de comercio electr\u00f3nico, te informamos de que el titular del presente sitio web es la compa\u00f1\u00eda mercantil\u00a0MY ONLINE FAIR, S.L., sita en Calle Bartolom\u00e9 de Carranza, 26 4C, 31008, Pamplona, Navarra (Espa\u00f1a), y con N.I.F. n\u00famero B714030226 e inscrita en el Registro Mercantil de Navarra al tomo 1990, folio 55, hoja NA-39668.<\/p>\n\n\n\n<h2 class=\"wp-block-heading\">2.2. CONTACTO.<\/h2>\n\n\n\n<p>Para cualquier cuesti\u00f3n puedes ponerte en contacto con My Online Fair a trav\u00e9s del n\u00famero de tel\u00e9fono 948 198 611 o bien dirigiendo tu solicitud a la direcci\u00f3n de correo electr\u00f3nico info@myonlinefair.com<\/p>\n\n\n\n<p><strong>Versi\u00f3n 1.0 \u2013 Actualizada a Noviembre del 2022.<\/strong><\/p>\n","protected":false},"excerpt":{"rendered":"<p>1.DATOS IDENTIFICATIVOS DEL TITULAR. De conformidad con lo dispuesto en el art\u00edculo 10 de la Ley 34\/2002, de 11 de julio, de servicios de la sociedad de la informaci\u00f3n y de comercio electr\u00f3nico, te informamos de que el titular del presente sitio web es la compa\u00f1\u00eda mercantil\u00a0MY ONLINE FAIR, S.L., sita en Calle Bartolom\u00e9 de [&hellip;]<\/p>\n","protected":false},"author":1,"featured_media":0,"parent":0,"menu_order":99,"comment_status":"closed","ping_status":"closed","template":"","meta":{"_acf_changed":false,"footnotes":""},"class_list":["post-12","page","type-page","status-publish","hentry"],"acf":[],"yoast_head":"<!-- This site is optimized with the Yoast SEO plugin v26.3 - https:\/\/yoast.com\/wordpress\/plugins\/seo\/ -->\n<title>Aviso Legal - My Online Fair<\/title>\n<meta name=\"robots\" content=\"index, follow, max-snippet:-1, max-image-preview:large, max-video-preview:-1\" \/>\n<link rel=\"canonical\" href=\"https:\/\/myonlinefair.org\/es\/aviso-legal\/\" \/>\n<meta property=\"og:locale\" content=\"es_ES\" \/>\n<meta property=\"og:type\" content=\"article\" \/>\n<meta property=\"og:title\" content=\"Aviso Legal - My Online Fair\" \/>\n<meta property=\"og:description\" content=\"1.DATOS IDENTIFICATIVOS DEL TITULAR. De conformidad con lo dispuesto en el art\u00edculo 10 de la Ley 34\/2002, de 11 de julio, de servicios de la sociedad de la informaci\u00f3n y de comercio electr\u00f3nico, te informamos de que el titular del presente sitio web es la compa\u00f1\u00eda mercantil\u00a0MY ONLINE FAIR, S.L., sita en Calle Bartolom\u00e9 de [&hellip;]\" \/>\n<meta property=\"og:url\" content=\"https:\/\/myonlinefair.org\/es\/aviso-legal\/\" \/>\n<meta property=\"og:site_name\" content=\"My Online Fair\" \/>\n<meta property=\"article:modified_time\" content=\"2022-12-14T09:18:39+00:00\" \/>\n<meta name=\"twitter:card\" content=\"summary_large_image\" \/>\n<meta name=\"twitter:label1\" content=\"Tiempo de lectura\" \/>\n\t<meta name=\"twitter:data1\" content=\"1 minuto\" \/>\n<script type=\"application\/ld+json\" class=\"yoast-schema-graph\">{\"@context\":\"https:\/\/schema.org\",\"@graph\":[{\"@type\":\"WebPage\",\"@id\":\"https:\/\/myonlinefair.org\/es\/aviso-legal\/\",\"url\":\"https:\/\/myonlinefair.org\/es\/aviso-legal\/\",\"name\":\"Aviso Legal - My Online Fair\",\"isPartOf\":{\"@id\":\"https:\/\/myonlinefair.org\/es\/#website\"},\"datePublished\":\"2021-08-18T10:23:10+00:00\",\"dateModified\":\"2022-12-14T09:18:39+00:00\",\"breadcrumb\":{\"@id\":\"https:\/\/myonlinefair.org\/es\/aviso-legal\/#breadcrumb\"},\"inLanguage\":\"es\",\"potentialAction\":[{\"@type\":\"ReadAction\",\"target\":[\"https:\/\/myonlinefair.org\/es\/aviso-legal\/\"]}]},{\"@type\":\"BreadcrumbList\",\"@id\":\"https:\/\/myonlinefair.org\/es\/aviso-legal\/#breadcrumb\",\"itemListElement\":[{\"@type\":\"ListItem\",\"position\":1,\"name\":\"Portada\",\"item\":\"https:\/\/myonlinefair.org\/es\/\"},{\"@type\":\"ListItem\",\"position\":2,\"name\":\"Aviso Legal\"}]},{\"@type\":\"WebSite\",\"@id\":\"https:\/\/myonlinefair.org\/es\/#website\",\"url\":\"https:\/\/myonlinefair.org\/es\/\",\"name\":\"My Online Fair\",\"description\":\"\",\"potentialAction\":[{\"@type\":\"SearchAction\",\"target\":{\"@type\":\"EntryPoint\",\"urlTemplate\":\"https:\/\/myonlinefair.org\/es\/?s={search_term_string}\"},\"query-input\":{\"@type\":\"PropertyValueSpecification\",\"valueRequired\":true,\"valueName\":\"search_term_string\"}}],\"inLanguage\":\"es\"}]}<\/script>\n<!-- \/ Yoast SEO plugin. -->","yoast_head_json":{"title":"Aviso Legal - My Online Fair","robots":{"index":"index","follow":"follow","max-snippet":"max-snippet:-1","max-image-preview":"max-image-preview:large","max-video-preview":"max-video-preview:-1"},"canonical":"https:\/\/myonlinefair.org\/es\/aviso-legal\/","og_locale":"es_ES","og_type":"article","og_title":"Aviso Legal - My Online Fair","og_description":"1.DATOS IDENTIFICATIVOS DEL TITULAR. De conformidad con lo dispuesto en el art\u00edculo 10 de la Ley 34\/2002, de 11 de julio, de servicios de la sociedad de la informaci\u00f3n y de comercio electr\u00f3nico, te informamos de que el titular del presente sitio web es la compa\u00f1\u00eda mercantil\u00a0MY ONLINE FAIR, S.L., sita en Calle Bartolom\u00e9 de [&hellip;]","og_url":"https:\/\/myonlinefair.org\/es\/aviso-legal\/","og_site_name":"My Online Fair","article_modified_time":"2022-12-14T09:18:39+00:00","twitter_card":"summary_large_image","twitter_misc":{"Tiempo de lectura":"1 minuto"},"schema":{"@context":"https:\/\/schema.org","@graph":[{"@type":"WebPage","@id":"https:\/\/myonlinefair.org\/es\/aviso-legal\/","url":"https:\/\/myonlinefair.org\/es\/aviso-legal\/","name":"Aviso Legal - My Online Fair","isPartOf":{"@id":"https:\/\/myonlinefair.org\/es\/#website"},"datePublished":"2021-08-18T10:23:10+00:00","dateModified":"2022-12-14T09:18:39+00:00","breadcrumb":{"@id":"https:\/\/myonlinefair.org\/es\/aviso-legal\/#breadcrumb"},"inLanguage":"es","potentialAction":[{"@type":"ReadAction","target":["https:\/\/myonlinefair.org\/es\/aviso-legal\/"]}]},{"@type":"BreadcrumbList","@id":"https:\/\/myonlinefair.org\/es\/aviso-legal\/#breadcrumb","itemListElement":[{"@type":"ListItem","position":1,"name":"Portada","item":"https:\/\/myonlinefair.org\/es\/"},{"@type":"ListItem","position":2,"name":"Aviso Legal"}]},{"@type":"WebSite","@id":"https:\/\/myonlinefair.org\/es\/#website","url":"https:\/\/myonlinefair.org\/es\/","name":"My Online Fair","description":"","potentialAction":[{"@type":"SearchAction","target":{"@type":"EntryPoint","urlTemplate":"https:\/\/myonlinefair.org\/es\/?s={search_term_string}"},"query-input":{"@type":"PropertyValueSpecification","valueRequired":true,"valueName":"search_term_string"}}],"inLanguage":"es"}]}},"_links":{"self":[{"href":"https:\/\/myonlinefair.org\/es\/wp-json\/wp\/v2\/pages\/12","targetHints":{"allow":["GET"]}}],"collection":[{"href":"https:\/\/myonlinefair.org\/es\/wp-json\/wp\/v2\/pages"}],"about":[{"href":"https:\/\/myonlinefair.org\/es\/wp-json\/wp\/v2\/types\/page"}],"author":[{"embeddable":true,"href":"https:\/\/myonlinefair.org\/es\/wp-json\/wp\/v2\/users\/1"}],"replies":[{"embeddable":true,"href":"https:\/\/myonlinefair.org\/es\/wp-json\/wp\/v2\/comments?post=12"}],"version-history":[{"count":6,"href":"https:\/\/myonlinefair.org\/es\/wp-json\/wp\/v2\/pages\/12\/revisions"}],"predecessor-version":[{"id":594,"href":"https:\/\/myonlinefair.org\/es\/wp-json\/wp\/v2\/pages\/12\/revisions\/594"}],"wp:attachment":[{"href":"https:\/\/myonlinefair.org\/es\/wp-json\/wp\/v2\/media?parent=12"}],"curies":[{"name":"wp","href":"https:\/\/api.w.org\/{rel}","templated":true}]}}